{"id":6781,"date":"2018-05-19T11:29:39","date_gmt":"2018-05-19T09:29:39","guid":{"rendered":"https:\/\/vasculartherapydevice.com\/?page_id=6781"},"modified":"2024-01-19T22:12:53","modified_gmt":"2024-01-19T21:12:53","slug":"yksityisyys","status":"publish","type":"page","link":"https:\/\/vasculartherapydevice.com\/fi\/privacy\/","title":{"rendered":"Yksityisyys"},"content":{"rendered":"<h1>Tietosuojak\u00e4yt\u00e4nt\u00f6<\/h1><p>Viimeksi p\u00e4ivitetty: T\u00e4ss\u00e4 tietosuojak\u00e4yt\u00e4nn\u00f6ss\u00e4 kuvataan tietojesi ker\u00e4\u00e4miseen, k\u00e4ytt\u00f6\u00f6n ja luovuttamiseen liittyvi\u00e4 k\u00e4yt\u00e4nt\u00f6j\u00e4mme ja menettelytapojamme, kun k\u00e4yt\u00e4t palvelua, ja kerrotaan sinulle yksityisyydensuojaa koskevista oikeuksistasi ja siit\u00e4, miten laki suojaa sinua. K\u00e4ytt\u00e4m\u00e4ll\u00e4 Palvelua hyv\u00e4ksyt tietojen ker\u00e4\u00e4misen ja k\u00e4yt\u00f6n t\u00e4m\u00e4n tietosuojak\u00e4yt\u00e4nn\u00f6n mukaisesti.\u00a0<h2>Tulkinta ja m\u00e4\u00e4ritelm\u00e4t<\/h2><h3>Tulkinta<\/h3>Sanoilla, joiden alkukirjain on kirjoitettu isolla alkukirjaimella, on seuraavin edellytyksin m\u00e4\u00e4ritelty merkitys. Seuraavilla m\u00e4\u00e4ritelmill\u00e4 on sama merkitys riippumatta siit\u00e4, esiintyv\u00e4tk\u00f6 ne yksik\u00f6ss\u00e4 vai monikossa.<h3>M\u00e4\u00e4ritelm\u00e4t<\/h3>T\u00e4ss\u00e4 tietosuojak\u00e4yt\u00e4nn\u00f6ss\u00e4 tarkoitetaan:<ul><li><strong>Tili<\/strong> tarkoittaa yksil\u00f6llist\u00e4 tili\u00e4, joka on luotu Sinulle Palvelumme tai sen osien k\u00e4ytt\u00e4miseksi.<\/li><li><strong>Kumppani<\/strong> tarkoittaa yhteis\u00f6\u00e4, joka k\u00e4ytt\u00e4\u00e4 m\u00e4\u00e4r\u00e4ysvaltaa, on osapuolen m\u00e4\u00e4r\u00e4ysvallassa tai yhteisen m\u00e4\u00e4r\u00e4ysvallan alaisena osapuolen kanssa, kun 'm\u00e4\u00e4r\u00e4ysvallalla' tarkoitetaan v\u00e4hint\u00e4\u00e4n 50%:n omistusosuutta osakkeista, osuuksista tai muista arvopapereista, jotka oikeuttavat \u00e4\u00e4nest\u00e4m\u00e4\u00e4n johtajien valinnassa tai muussa johtovallassa.<\/li><li><strong>Yritys<\/strong> (j\u00e4ljemp\u00e4n\u00e4 t\u00e4ss\u00e4 sopimuksessa joko 'yhti\u00f6', 'me', 'meid\u00e4t' tai 'meid\u00e4n') tarkoittaa Vascular Therapy Device, Netherlands.<\/li><li><strong>Ev\u00e4steet<\/strong> ovat pieni\u00e4 tiedostoja, jotka verkkosivusto sijoittaa tietokoneellesi, mobiililaitteellesi tai muulle laitteellesi ja jotka sis\u00e4lt\u00e4v\u00e4t muun muassa tiedot selaushistoriastasi kyseisell\u00e4 verkkosivustolla.<\/li><li><strong>Maa<\/strong> viittaa: Alankomaat<\/li><li><strong>Laite<\/strong> tarkoittaa mit\u00e4 tahansa laitetta, jolla voi k\u00e4ytt\u00e4\u00e4 palvelua, kuten tietokonetta, matkapuhelinta tai digitaalista tablettia.<\/li><li><strong>Henkil\u00f6tiedot<\/strong> on mik\u00e4 tahansa tieto, joka liittyy tunnistettuun tai tunnistettavissa olevaan henkil\u00f6\u00f6n.<\/li><li><strong>Palvelu<\/strong> viittaa verkkosivustoon.<\/li><li><strong>Palveluntarjoaja<\/strong> tarkoittaa luonnollista henkil\u00f6\u00e4 tai oikeushenkil\u00f6\u00e4, joka k\u00e4sittelee tietoja yhti\u00f6n puolesta. Sill\u00e4 tarkoitetaan kolmansia osapuolia tai henkil\u00f6it\u00e4, jotka Yhti\u00f6 on palkannut helpottamaan Palvelun k\u00e4ytt\u00f6\u00e4, tarjoamaan Palvelua Yhti\u00f6n puolesta, suorittamaan Palveluun liittyvi\u00e4 palveluja tai avustamaan Yhti\u00f6t\u00e4 Palvelun k\u00e4yt\u00f6n analysoinnissa.<\/li><li><strong>K\u00e4ytt\u00f6tiedot<\/strong> viittaa automaattisesti ker\u00e4ttyihin tietoihin, jotka syntyv\u00e4t joko Palvelun k\u00e4yt\u00f6st\u00e4 tai itse Palvelun infrastruktuurista (esimerkiksi sivuvierailun kesto).<\/li><li><strong>Verkkosivusto<\/strong> viittaa Vascular Therapy Device -laitteeseen, joka on saatavilla osoitteesta <a href=\"https:\/\/vasculartherapydevice.com\/fi\/\" rel=\"external nofollow noopener\" target=\"_blank\">https:\/\/vasculartherapydevice.com\/<\/a><\/li><li><strong>Sin\u00e4<\/strong> tarkoittaa palvelua k\u00e4ytt\u00e4v\u00e4\u00e4 tai k\u00e4ytt\u00e4v\u00e4\u00e4 henkil\u00f6\u00e4 tai yrityst\u00e4 tai muuta oikeushenkil\u00f6\u00e4, jonka puolesta kyseinen henkil\u00f6 k\u00e4ytt\u00e4\u00e4 palvelua, tapauksen mukaan.<\/li><\/ul><h2>Henkil\u00f6tietojesi ker\u00e4\u00e4minen ja k\u00e4ytt\u00f6<\/h2><h3>Ker\u00e4tt\u00e4vien tietojen tyypit<\/h3><h4>Henkil\u00f6tiedot<\/h4>Kun k\u00e4yt\u00e4t Palveluamme, saatamme pyyt\u00e4\u00e4 sinua antamaan meille tiettyj\u00e4 henkil\u00f6kohtaisesti tunnistettavia tietoja, joita voidaan k\u00e4ytt\u00e4\u00e4 yhteydenottoon tai tunnistamiseen. Henkil\u00f6kohtaisesti tunnistettavia tietoja voivat olla muun muassa seuraavat:<ul><li>S\u00e4hk\u00f6postiosoite<\/li><li>Etunimi ja sukunimi<\/li><li>Puhelinnumero<\/li><li>K\u00e4ytt\u00f6tiedot<\/li><\/ul><h4>K\u00e4ytt\u00f6tiedot<\/h4>K\u00e4ytt\u00f6tiedot ker\u00e4t\u00e4\u00e4n automaattisesti Palvelua k\u00e4ytett\u00e4ess\u00e4.K\u00e4ytt\u00f6tiedot voivat sis\u00e4lt\u00e4\u00e4 tietoja, kuten laitteesi Internet-protokollaosoite (esim. IP-osoite), selaimen tyyppi, selainversio, Palvelumme sivut, joilla vierailet, vierailusi aika ja p\u00e4iv\u00e4m\u00e4\u00e4r\u00e4, kyseisill\u00e4 sivuilla vietetty aika, yksil\u00f6lliset laitetunnisteet ja muut diagnostiset tiedot.Kun k\u00e4yt\u00e4t Palvelua mobiililaitteella tai mobiililaitteen kautta, saatamme ker\u00e4t\u00e4 automaattisesti tiettyj\u00e4 tietoja, kuten muun muassa k\u00e4ytt\u00e4m\u00e4si mobiililaitteen tyyppi, mobiililaitteesi yksil\u00f6llinen tunniste, mobiililaitteesi IP-osoite, mobiililaitteesi k\u00e4ytt\u00f6j\u00e4rjestelm\u00e4, k\u00e4ytt\u00e4m\u00e4si mobiililaitteen Internet-selaimen tyyppi, yksil\u00f6lliset laitetunnisteet ja muut diagnostiikkatiedot.Saatamme my\u00f6s ker\u00e4t\u00e4 tietoja, jotka selaimesi l\u00e4hett\u00e4\u00e4 aina, kun vierailet Palvelussamme tai kun k\u00e4yt\u00e4t Palvelua mobiililaitteella tai mobiililaitteen kautta.<h4>Seurantateknologiat ja ev\u00e4steet<\/h4>K\u00e4yt\u00e4mme ev\u00e4steit\u00e4 ja vastaavia seurantatekniikoita palvelumme toiminnan seuraamiseen ja tiettyjen tietojen tallentamiseen. Seurantatekniikoita ovat majakat, tunnisteet ja skriptit, joita k\u00e4ytet\u00e4\u00e4n tietojen ker\u00e4\u00e4miseen ja seuraamiseen sek\u00e4 Palvelumme parantamiseen ja analysointiin. K\u00e4ytt\u00e4mi\u00e4mme teknologioita voivat olla mm:<ul><li><strong>Ev\u00e4steet tai selaimen ev\u00e4steet.<\/strong> Ev\u00e4ste on pieni tiedosto, joka sijoitetaan laitteeseesi. Voit m\u00e4\u00e4r\u00e4t\u00e4 selaimesi kielt\u00e4ytym\u00e4\u00e4n kaikista ev\u00e4steist\u00e4 tai ilmoittamaan, kun ev\u00e4ste l\u00e4hetet\u00e4\u00e4n. Jos et kuitenkaan hyv\u00e4ksy Ev\u00e4steit\u00e4, et ehk\u00e4 pysty k\u00e4ytt\u00e4m\u00e4\u00e4n joitakin Palvelumme osia. Ellet ole s\u00e4\u00e4t\u00e4nyt selaimesi asetuksia siten, ett\u00e4 se kielt\u00e4ytyy ev\u00e4steist\u00e4, palvelumme saattaa k\u00e4ytt\u00e4\u00e4 ev\u00e4steit\u00e4.<\/li><li><strong>Verkkomajakat.<\/strong> Tietyt palvelumme osiot ja s\u00e4hk\u00f6postiviestimme voivat sis\u00e4lt\u00e4\u00e4 pieni\u00e4 s\u00e4hk\u00f6isi\u00e4 tiedostoja, niin sanottuja verkkomajakoita (joita kutsutaan my\u00f6s nimell\u00e4 clear gif, pixel tag ja single-pixel gif), joiden avulla Yhti\u00f6 voi esimerkiksi laskea kyseisill\u00e4 sivuilla vierailleet tai s\u00e4hk\u00f6postiviestin avanneet k\u00e4ytt\u00e4j\u00e4t ja k\u00e4ytt\u00e4\u00e4 muita asiaan liittyvi\u00e4 verkkosivuston tilastoja (esimerkiksi tietyn osion suosion kirjaaminen ja j\u00e4rjestelm\u00e4n ja palvelimen eheyden tarkistaminen).<\/li><\/ul>Ev\u00e4steet voivat olla \"pysyvi\u00e4\" tai \"istunto\"-ev\u00e4steit\u00e4. Pysyv\u00e4t ev\u00e4steet pysyv\u00e4t tietokoneellasi tai mobiililaitteellasi, kun poistut verkosta, kun taas istuntoev\u00e4steet poistetaan heti, kun suljet selaimesi. Lis\u00e4tietoja ev\u00e4steist\u00e4 saat osoitteessa <a href=\"https:\/\/www.termsfeed.com\/blog\/cookies\/#What_Are_Cookies\" target=\"_blank\" rel=\"noopener\">TermsFeedin verkkosivusto<\/a> K\u00e4yt\u00e4mme sek\u00e4 istunto- ett\u00e4 pysyvi\u00e4 ev\u00e4steit\u00e4 alla mainittuihin tarkoituksiin:<ul><li><strong>V\u00e4ltt\u00e4m\u00e4tt\u00f6m\u00e4t \/ v\u00e4ltt\u00e4m\u00e4tt\u00f6m\u00e4t ev\u00e4steet<\/strong>Tyyppi: Hallinnoija: Tapa: Istuntoev\u00e4steet: Tarkoitus: N\u00e4m\u00e4 ev\u00e4steet ovat v\u00e4ltt\u00e4m\u00e4tt\u00f6mi\u00e4, jotta voit tarjota sinulle verkkosivuston kautta saatavilla olevia palveluja ja k\u00e4ytt\u00e4\u00e4 joitakin sen ominaisuuksia. Ne auttavat todentamaan k\u00e4ytt\u00e4j\u00e4t ja est\u00e4m\u00e4\u00e4n k\u00e4ytt\u00e4j\u00e4tilien vilpillist\u00e4 k\u00e4ytt\u00f6\u00e4. Ilman n\u00e4it\u00e4 ev\u00e4steit\u00e4 pyyt\u00e4mi\u00e4si palveluita ei voida tarjota, ja k\u00e4yt\u00e4mme n\u00e4it\u00e4 ev\u00e4steit\u00e4 vain tarjotaksemme sinulle n\u00e4it\u00e4 palveluita.<\/li><li><strong>Ev\u00e4stek\u00e4yt\u00e4nt\u00f6 \/ Ilmoitus Ev\u00e4steiden hyv\u00e4ksyminen Ev\u00e4steet<\/strong>Tyyppi: Hallinnoija: Tarkoitus: N\u00e4m\u00e4 ev\u00e4steet tunnistavat, ovatko k\u00e4ytt\u00e4j\u00e4t hyv\u00e4ksyneet ev\u00e4steiden k\u00e4yt\u00f6n verkkosivustolla.<\/li><li><strong>Toiminnallisuus Ev\u00e4steet<\/strong>Tyyppi: Hallinnoija: Tarkoitus: N\u00e4iden ev\u00e4steiden avulla voimme muistaa tekem\u00e4si valinnat, kun k\u00e4yt\u00e4t verkkosivustoa, kuten kirjautumistietosi tai kieliasetuksesi. N\u00e4iden ev\u00e4steiden tarkoituksena on tarjota sinulle henkil\u00f6kohtaisempi k\u00e4ytt\u00f6kokemus ja v\u00e4ltt\u00e4\u00e4 se, ett\u00e4 sinun tarvitsee sy\u00f6tt\u00e4\u00e4 asetuksesi uudelleen joka kerta, kun k\u00e4yt\u00e4t verkkosivustoa.<\/li><\/ul>Lis\u00e4tietoja k\u00e4ytt\u00e4mist\u00e4mme ev\u00e4steist\u00e4 ja ev\u00e4steit\u00e4 koskevista valinnoistasi saat ev\u00e4stek\u00e4yt\u00e4nn\u00f6st\u00e4mme tai tietosuojak\u00e4yt\u00e4nt\u00f6mme Ev\u00e4steet-osiosta.<h3>Henkil\u00f6tietojesi k\u00e4ytt\u00f6<\/h3>Yhti\u00f6 voi k\u00e4ytt\u00e4\u00e4 henkil\u00f6tietoja seuraaviin tarkoituksiin:<ul><li><strong>Palvelun tarjoaminen ja yll\u00e4pit\u00e4minen<\/strong>, mukaan lukien palvelumme k\u00e4yt\u00f6n seuranta.<\/li><li><strong>Tilisi hallinnoimiseksi:<\/strong> hallinnoidaksesi rekister\u00f6itymist\u00e4si palvelun k\u00e4ytt\u00e4j\u00e4ksi. Antamasi henkil\u00f6tiedot voivat antaa sinulle p\u00e4\u00e4syn Palvelun eri toimintoihin, jotka ovat k\u00e4ytett\u00e4viss\u00e4si rekister\u00f6ityneen\u00e4 k\u00e4ytt\u00e4j\u00e4n\u00e4.<\/li><li><strong>Sopimuksen t\u00e4ytt\u00e4mist\u00e4 varten:<\/strong> ostamiesi tuotteiden, tuotteiden tai palveluiden ostosopimuksen tai mink\u00e4 tahansa muun Palvelun kautta kanssamme tehdyn sopimuksen kehitt\u00e4minen, noudattaminen ja toteuttaminen.<\/li><li><strong>Ottaa yhteytt\u00e4 sinuun:<\/strong> Ottaa sinuun yhteytt\u00e4 s\u00e4hk\u00f6postitse, puhelimitse, tekstiviestill\u00e4 tai muilla vastaavilla s\u00e4hk\u00f6isen viestinn\u00e4n muodoilla, kuten mobiilisovelluksen push-ilmoituksilla, jotka koskevat toiminnallisuuksiin, tuotteisiin tai sopimuksen kohteena oleviin palveluihin liittyvi\u00e4 p\u00e4ivityksi\u00e4 tai informatiivista viestint\u00e4\u00e4, mukaan lukien tietoturvap\u00e4ivitykset, kun se on tarpeen tai kohtuullista niiden toteuttamiseksi.<\/li><li><strong>Tarjota sinulle<\/strong> uutisia, erikoistarjouksia ja yleist\u00e4 tietoa muista tarjoamistamme tavaroista, palveluista ja tapahtumista, jotka ovat samankaltaisia kuin ne, jotka olet jo ostanut tai joista olet kysynyt, ellet ole p\u00e4\u00e4tt\u00e4nyt olla vastaanottamatta t\u00e4llaisia tietoja.<\/li><li><strong>Pyynt\u00f6jesi hallinnoimiseksi:<\/strong> Osallistuaksemme ja hallinnoidaksemme meille esitt\u00e4mi\u00e4si pyynt\u00f6j\u00e4.<\/li><li><strong>Yrityssiirtoja varten:<\/strong> Saatamme k\u00e4ytt\u00e4\u00e4 tietojasi arvioidaksemme tai toteuttaaksemme fuusion, luovutuksen, uudelleenj\u00e4rjestelyn, uudelleenorganisoinnin, purkamisen tai muun omaisuutemme tai koko omaisuutemme myynnin tai siirron joko jatkuvana toimintana tai osana konkurssia, selvitystilaa tai vastaavaa menettely\u00e4, jossa siirrett\u00e4vien omaisuuserien joukossa on meid\u00e4n hallussamme olevia Palvelun k\u00e4ytt\u00e4ji\u00e4 koskevia henkil\u00f6tietoja.<\/li><li><strong>Muihin tarkoituksiin<\/strong>: Voimme k\u00e4ytt\u00e4\u00e4 tietojasi muihin tarkoituksiin, kuten tietojen analysointiin, k\u00e4ytt\u00f6trendien tunnistamiseen, myynninedist\u00e4miskampanjoiden tehokkuuden m\u00e4\u00e4ritt\u00e4miseen sek\u00e4 palvelumme, tuotteidemme, palveluidemme, markkinointimme ja k\u00e4ytt\u00f6kokemuksesi arviointiin ja parantamiseen.<\/li><\/ul>Voimme jakaa henkil\u00f6tietojasi seuraavissa tilanteissa:<ul><li><strong>Palveluntarjoajien kanssa:<\/strong> Saatamme jakaa henkil\u00f6kohtaisia tietojasi palveluntarjoajien kanssa, jotta voimme seurata ja analysoida palvelumme k\u00e4ytt\u00f6\u00e4 ja ottaa sinuun yhteytt\u00e4.<\/li><li><strong>Yrityssiirtoja varten:<\/strong> Saatamme jakaa tai siirt\u00e4\u00e4 henkil\u00f6tietojasi fuusion, yhti\u00f6n omaisuuden myynnin, rahoituksen tai koko liiketoimintamme tai sen osan ostamisen yhteydess\u00e4 tai neuvottelujen aikana toiselle yritykselle.<\/li><li><strong>Kumppaneiden kanssa:<\/strong> Saatamme jakaa tietojasi tyt\u00e4ryhti\u00f6idemme kanssa, jolloin edellyt\u00e4mme, ett\u00e4 n\u00e4m\u00e4 tyt\u00e4ryhti\u00f6t noudattavat t\u00e4t\u00e4 tietosuojak\u00e4yt\u00e4nt\u00f6\u00e4. Sidosyrityksiin kuuluvat emoyhti\u00f6mme ja muut tyt\u00e4ryhti\u00f6t, yhteisyrityskumppanit tai muut yritykset, joita me hallitsemme tai jotka ovat yhteisen m\u00e4\u00e4r\u00e4ysvallan alla kanssamme.<\/li><li><strong>Liikekumppaneiden kanssa:<\/strong> Saatamme jakaa tietojasi liikekumppaneidemme kanssa tarjotaksemme sinulle tiettyj\u00e4 tuotteita, palveluita tai kampanjoita.<\/li><li><strong>Muiden k\u00e4ytt\u00e4jien kanssa:<\/strong> kun jaat henkil\u00f6kohtaisia tietoja tai olet muulla tavoin vuorovaikutuksessa julkisilla alueilla muiden k\u00e4ytt\u00e4jien kanssa, kaikki k\u00e4ytt\u00e4j\u00e4t voivat n\u00e4hd\u00e4 n\u00e4m\u00e4 tiedot ja niit\u00e4 voidaan levitt\u00e4\u00e4 julkisesti ulkopuolelle.<\/li><li><strong>Sinun suostumuksellasi<\/strong>: Voimme luovuttaa henkil\u00f6tietojasi mihin tahansa muuhun tarkoitukseen sinun suostumuksellasi.<\/li><\/ul><h3>Henkil\u00f6tietojesi s\u00e4ilytt\u00e4minen<\/h3>Yhti\u00f6 s\u00e4ilytt\u00e4\u00e4 henkil\u00f6tietojasi vain niin kauan kuin se on tarpeen t\u00e4ss\u00e4 tietosuojak\u00e4yt\u00e4nn\u00f6ss\u00e4 esitettyj\u00e4 tarkoituksia varten. S\u00e4ilyt\u00e4mme ja k\u00e4yt\u00e4mme henkil\u00f6tietojasi siin\u00e4 m\u00e4\u00e4rin kuin on tarpeen lakis\u00e4\u00e4teisten velvoitteidemme noudattamiseksi (esimerkiksi jos meid\u00e4n on s\u00e4ilytett\u00e4v\u00e4 tietojasi sovellettavien lakien noudattamiseksi), riitojen ratkaisemiseksi ja oikeudellisten sopimustemme ja k\u00e4yt\u00e4nt\u00f6jemme noudattamisen valvomiseksi.Yhti\u00f6 s\u00e4ilytt\u00e4\u00e4 my\u00f6s k\u00e4ytt\u00f6tietoja sis\u00e4isi\u00e4 analyysitarkoituksia varten. K\u00e4ytt\u00f6tietoja s\u00e4ilytet\u00e4\u00e4n yleens\u00e4 lyhyemm\u00e4n aikaa, paitsi silloin, kun n\u00e4it\u00e4 tietoja k\u00e4ytet\u00e4\u00e4n Palvelumme turvallisuuden vahvistamiseen tai toiminnallisuuden parantamiseen tai kun olemme lain mukaan velvollisia s\u00e4ilytt\u00e4m\u00e4\u00e4n n\u00e4it\u00e4 tietoja pidemp\u00e4\u00e4n.<h3>Henkil\u00f6tietojesi siirto<\/h3>Tietojasi, mukaan lukien henkil\u00f6tietoja, k\u00e4sitell\u00e4\u00e4n yhti\u00f6n toimistoissa ja muissa paikoissa, joissa k\u00e4sittelyyn osallistuvat osapuolet sijaitsevat. Se tarkoittaa, ett\u00e4 n\u00e4it\u00e4 tietoja voidaan siirt\u00e4\u00e4 - ja yll\u00e4pit\u00e4\u00e4 - tietokoneisiin, jotka sijaitsevat osavaltiosi, maakuntasi, maasi tai muun valtion laink\u00e4ytt\u00f6alueen ulkopuolella, jossa tietosuojalains\u00e4\u00e4d\u00e4nt\u00f6 voi poiketa sinun laink\u00e4ytt\u00f6alueesi lains\u00e4\u00e4d\u00e4nn\u00f6st\u00e4.Suostumuksesi t\u00e4h\u00e4n tietosuojak\u00e4yt\u00e4nt\u00f6\u00f6n, jota seuraa t\u00e4llaisten tietojen toimittaminen, merkitsee suostumustasi kyseiseen siirtoon.Yhti\u00f6 ryhtyy kaikkiin kohtuullisesti tarvittaviin toimenpiteisiin varmistaakseen, ett\u00e4 tietojasi k\u00e4sitell\u00e4\u00e4n turvallisesti ja t\u00e4m\u00e4n tietosuojak\u00e4yt\u00e4nn\u00f6n mukaisesti, ja henkil\u00f6tietojesi siirtoa ei tehd\u00e4 organisaatioon tai maahan, jollei k\u00e4yt\u00f6ss\u00e4 ole riitt\u00e4vi\u00e4 valvontatoimia, mukaan luettuna tietojesi ja muiden henkil\u00f6kohtaisten tietojen turvallisuus.<h3>Poista henkil\u00f6tietosi<\/h3>Sinulla on oikeus poistaa tai pyyt\u00e4\u00e4, ett\u00e4 autamme sinua poistamaan sinusta ker\u00e4\u00e4m\u00e4mme henkil\u00f6tiedot.Palvelumme voi antaa sinulle mahdollisuuden poistaa tiettyj\u00e4 sinua koskevia tietoja palvelusta.Voit p\u00e4ivitt\u00e4\u00e4, muuttaa tai poistaa tietojasi milloin tahansa kirjautumalla tilillesi, jos sinulla on sellainen, ja menem\u00e4ll\u00e4 tiliasetukset-osioon, jossa voit hallita henkil\u00f6tietojasi. Voit my\u00f6s ottaa meihin yhteytt\u00e4 pyyt\u00e4\u00e4kseen p\u00e4\u00e4sy\u00e4, korjataksesi tai poistaaksesi meille antamasi henkil\u00f6tiedot.Huomaa kuitenkin, ett\u00e4 meid\u00e4n on ehk\u00e4 s\u00e4ilytett\u00e4v\u00e4 tietyt tiedot, jos meill\u00e4 on siihen lakis\u00e4\u00e4teinen velvollisuus tai laillinen peruste.<h3>Henkil\u00f6tietojesi luovuttaminen<\/h3><h4>Liiketoiminta<\/h4>Jos Yhti\u00f6 on mukana sulautumisessa, yrityskaupassa tai omaisuuden myynniss\u00e4, henkil\u00f6tietosi voidaan siirt\u00e4\u00e4. Ilmoitamme asiasta ennen kuin henkil\u00f6tietosi siirret\u00e4\u00e4n ja niihin aletaan soveltaa erilaista tietosuojak\u00e4yt\u00e4nt\u00f6\u00e4.<h4>Lainvalvonta<\/h4>Tietyiss\u00e4 olosuhteissa Yhti\u00f6 voi joutua luovuttamaan henkil\u00f6tietojasi, jos laki tai viranomaisten (esim. tuomioistuimen tai valtion viraston) p\u00e4tev\u00e4t pyynn\u00f6t sit\u00e4 edellytt\u00e4v\u00e4t.<h4>Muut oikeudelliset vaatimukset<\/h4>Yhti\u00f6 voi luovuttaa henkil\u00f6tietojasi, jos se on hyv\u00e4ss\u00e4 uskossa sit\u00e4 mielt\u00e4, ett\u00e4 t\u00e4llainen toiminta on tarpeen, jotta:<ul><li>Oikeudellisen velvoitteen noudattaminen<\/li><li>Suojella ja puolustaa yhti\u00f6n oikeuksia tai omaisuutta.<\/li><li>est\u00e4\u00e4 tai tutkia mahdollisia v\u00e4\u00e4rink\u00e4yt\u00f6ksi\u00e4 Palveluun liittyen.<\/li><li>Palvelun k\u00e4ytt\u00e4jien tai yleis\u00f6n henkil\u00f6kohtaisen turvallisuuden suojeleminen.<\/li><li>Suojautua oikeudelliselta vastuulta<\/li><\/ul><h3>Henkil\u00f6tietojesi turvallisuus<\/h3>Henkil\u00f6kohtaisten tietojesi turvallisuus on meille t\u00e4rke\u00e4\u00e4, mutta muista, ett\u00e4 mik\u00e4\u00e4n Internetin v\u00e4lityksell\u00e4 tapahtuva siirtomenetelm\u00e4 tai s\u00e4hk\u00f6inen tallennusmenetelm\u00e4 ei ole 100% turvallinen. Vaikka pyrimme k\u00e4ytt\u00e4m\u00e4\u00e4n kaupallisesti hyv\u00e4ksytt\u00e4vi\u00e4 keinoja henkil\u00f6tietojesi suojaamiseksi, emme voi taata niiden ehdotonta turvallisuutta.<h2>Lasten yksityisyys<\/h2>Palvelumme ei ole tarkoitettu alle 13-vuotiaille. Emme tietoisesti ker\u00e4\u00e4 henkil\u00f6tietoja alle 13-vuotiailta. Jos olet vanhempi tai huoltaja ja tied\u00e4t, ett\u00e4 lapsesi on antanut meille henkil\u00f6tietoja, ota meihin yhteytt\u00e4. Jos saamme tiet\u00e4\u00e4, ett\u00e4 olemme ker\u00e4nneet henkil\u00f6tietoja alle 13-vuotiailta ilman vanhempien suostumuksen tarkistamista, ryhdymme toimenpiteisiin poistaaksemme kyseiset tiedot palvelimiltamme.Jos joudumme k\u00e4ytt\u00e4m\u00e4\u00e4n suostumusta tietojesi k\u00e4sittelyn oikeusperusteena ja maasi edellytt\u00e4\u00e4 vanhemman suostumusta, saatamme vaatia vanhemman suostumuksen ennen kuin ker\u00e4\u00e4mme ja k\u00e4yt\u00e4mme kyseisi\u00e4 tietoja.<h2>Linkit muille verkkosivustoille<\/h2>Palvelumme voi sis\u00e4lt\u00e4\u00e4 linkkej\u00e4 muille verkkosivustoille, joita me emme yll\u00e4pid\u00e4. Jos napsautat kolmannen osapuolen linkki\u00e4, sinut ohjataan kyseisen kolmannen osapuolen sivustolle. Suosittelemme, ett\u00e4 luet jokaisen vierailemasi sivuston tietosuojak\u00e4yt\u00e4nn\u00f6t.Meill\u00e4 ei ole m\u00e4\u00e4r\u00e4ysvaltaa kolmansien osapuolten sivustojen tai palveluiden sis\u00e4lt\u00f6\u00f6n, tietosuojak\u00e4yt\u00e4nt\u00f6ihin tai k\u00e4yt\u00e4nt\u00f6ihin, emmek\u00e4 ota niist\u00e4 vastuuta.<h2>Muutokset t\u00e4h\u00e4n tietosuojak\u00e4yt\u00e4nt\u00f6\u00f6n<\/h2>Saatamme p\u00e4ivitt\u00e4\u00e4 tietosuojak\u00e4yt\u00e4nt\u00f6\u00e4mme aika ajoin. Ilmoitamme sinulle kaikista muutoksista julkaisemalla uuden tietosuojak\u00e4yt\u00e4nn\u00f6n t\u00e4ll\u00e4 sivulla.Ilmoitamme sinulle s\u00e4hk\u00f6postitse ja\/tai n\u00e4kyv\u00e4sti palvelussamme ennen muutoksen voimaantuloa ja p\u00e4ivit\u00e4mme t\u00e4m\u00e4n tietosuojak\u00e4yt\u00e4nn\u00f6n yl\u00e4reunassa olevan \"Viimeksi p\u00e4ivitetty\"-p\u00e4iv\u00e4m\u00e4\u00e4r\u00e4n.Sinun on suositeltavaa tarkistaa t\u00e4m\u00e4 tietosuojak\u00e4yt\u00e4nt\u00f6 s\u00e4\u00e4nn\u00f6llisesti mahdollisten muutosten varalta. T\u00e4m\u00e4n tietosuojak\u00e4yt\u00e4nn\u00f6n muutokset tulevat voimaan, kun ne julkaistaan t\u00e4ll\u00e4 sivulla.<h2>Ota yhteytt\u00e4<\/h2>Jos sinulla on kysytt\u00e4v\u00e4\u00e4 t\u00e4st\u00e4 tietosuojak\u00e4yt\u00e4nn\u00f6st\u00e4, voit ottaa meihin yhteytt\u00e4:<\/p><ul><li>S\u00e4hk\u00f6postitse: info@vasculartherapydevice.com<\/li><\/ul>","protected":false},"excerpt":{"rendered":"<p>Privacy Policy Last updated: January 19, 2024This Privacy Policy describes Our policies and procedures on the collection, use and disclosure of Your information when You use the Service and tells You about Your privacy rights and how the law protects You.We use Your Personal data to provide and improve the Service. By using the Service, [&hellip;]<\/p>\n","protected":false},"author":987,"featured_media":0,"parent":0,"menu_order":0,"comment_status":"closed","ping_status":"closed","template":"","meta":{"_acf_changed":false,"footnotes":""},"class_list":["post-6781","page","type-page","status-publish","hentry"],"acf":[],"_links":{"self":[{"href":"https:\/\/vasculartherapydevice.com\/fi\/wp-json\/wp\/v2\/pages\/6781","targetHints":{"allow":["GET"]}}],"collection":[{"href":"https:\/\/vasculartherapydevice.com\/fi\/wp-json\/wp\/v2\/pages"}],"about":[{"href":"https:\/\/vasculartherapydevice.com\/fi\/wp-json\/wp\/v2\/types\/page"}],"author":[{"embeddable":true,"href":"https:\/\/vasculartherapydevice.com\/fi\/wp-json\/wp\/v2\/users\/987"}],"replies":[{"embeddable":true,"href":"https:\/\/vasculartherapydevice.com\/fi\/wp-json\/wp\/v2\/comments?post=6781"}],"version-history":[{"count":1,"href":"https:\/\/vasculartherapydevice.com\/fi\/wp-json\/wp\/v2\/pages\/6781\/revisions"}],"predecessor-version":[{"id":8418,"href":"https:\/\/vasculartherapydevice.com\/fi\/wp-json\/wp\/v2\/pages\/6781\/revisions\/8418"}],"wp:attachment":[{"href":"https:\/\/vasculartherapydevice.com\/fi\/wp-json\/wp\/v2\/media?parent=6781"}],"curies":[{"name":"wp","href":"https:\/\/api.w.org\/{rel}","templated":true}]}}